{"id":74,"date":"2024-02-08T11:56:00","date_gmt":"2024-02-08T10:56:00","guid":{"rendered":"https:\/\/grainesdafrique.com\/?page_id=74"},"modified":"2024-02-08T12:57:55","modified_gmt":"2024-02-08T11:57:55","slug":"produits-conditionnes-ou-marque-blanche","status":"publish","type":"page","link":"https:\/\/grainesdafrique.com\/index.php\/produits-conditionnes-ou-marque-blanche\/","title":{"rendered":"Produits conditionn\u00e9s ou marque blanche"},"content":{"rendered":"<style>.kb-row-layout-id74_50642d-dc > .kt-row-column-wrap{align-content:end;}:where(.kb-row-layout-id74_50642d-dc > .kt-row-column-wrap) > .wp-block-kadence-column{justify-content:end;}.kb-row-layout-id74_50642d-dc > .kt-row-column-wrap{column-gap:var(--global-kb-gap-md, 2rem);row-gap:var(--global-kb-gap-md, 2rem);max-width:var( --global-content-width, 1290px );padding-left:var(--global-content-edge-padding);padding-right:var(--global-content-edge-padding);padding-top:var(--global-kb-spacing-5xl, 10rem);padding-bottom:var(--global-kb-spacing-4xl, 8rem);min-height:650px;grid-template-columns:minmax(0, 1fr);}.kb-row-layout-id74_50642d-dc{background-image:url('http:\/\/grainesdafrique.com\/wp-content\/uploads\/2024\/02\/close-up-chemicals-bottles-arranged-table-scaled.jpg');background-size:cover;background-position:15% 43%;background-attachment:scroll;background-repeat:no-repeat;}.kb-row-layout-id74_50642d-dc > .kt-row-layout-overlay{opacity:0.85;background-color:var(--global-palette8, #F7FAFC);mix-blend-mode:normal;}@media all and (max-width: 1024px){.kb-row-layout-id74_50642d-dc > .kt-row-column-wrap{grid-template-columns:minmax(0, 1fr);}}@media all and (max-width: 767px){.kb-row-layout-id74_50642d-dc > .kt-row-column-wrap{padding-top:var(--global-kb-spacing-xl, 4rem);padding-bottom:var(--global-kb-spacing-xl, 4rem);grid-template-columns:minmax(0, 1fr);}}<\/style><div class=\"kb-row-layout-wrap kb-row-layout-id74_50642d-dc alignfull kt-row-has-bg wp-block-kadence-rowlayout\"><div class=\"kt-row-layout-overlay kt-row-overlay-normal\"><\/div><div class=\"kt-row-column-wrap kt-has-1-columns kt-row-layout-equal kt-tab-layout-inherit kt-mobile-layout-row kt-row-valign-bottom kb-theme-content-width\">\n<style>.kadence-column74_ec9508-fd > .kt-inside-inner-col,.kadence-column74_ec9508-fd > .kt-inside-inner-col:before{border-top-left-radius:0px;border-top-right-radius:0px;border-bottom-right-radius:0px;border-bottom-left-radius:0px;}.kadence-column74_ec9508-fd > .kt-inside-inner-col{column-gap:var(--global-kb-gap-sm, 1rem);}.kadence-column74_ec9508-fd > .kt-inside-inner-col{flex-direction:column;}.kadence-column74_ec9508-fd > .kt-inside-inner-col > .aligncenter{width:100%;}.kadence-column74_ec9508-fd > .kt-inside-inner-col:before{opacity:0.3;}.kadence-column74_ec9508-fd{position:relative;}@media all and (max-width: 1024px){.kadence-column74_ec9508-fd > .kt-inside-inner-col{flex-direction:column;}}@media all and (max-width: 767px){.kadence-column74_ec9508-fd > .kt-inside-inner-col{flex-direction:column;}}<\/style>\n<div class=\"wp-block-kadence-column kadence-column74_ec9508-fd inner-column-1\"><div class=\"kt-inside-inner-col\"><style>.wp-block-kadence-advancedheading.kt-adv-heading74_e65584-52, .wp-block-kadence-advancedheading.kt-adv-heading74_e65584-52[data-kb-block=\"kb-adv-heading74_e65584-52\"]{text-align:center;font-size:80px;line-height:1.1;font-style:normal;}.wp-block-kadence-advancedheading.kt-adv-heading74_e65584-52 mark.kt-highlight, .wp-block-kadence-advancedheading.kt-adv-heading74_e65584-52[data-kb-block=\"kb-adv-heading74_e65584-52\"] mark.kt-highlight{font-style:normal;color:#f76a0c;-webkit-box-decoration-break:clone;box-decoration-break:clone;padding-top:0px;padding-right:0px;padding-bottom:0px;padding-left:0px;}@media all and (max-width: 1024px){.wp-block-kadence-advancedheading.kt-adv-heading74_e65584-52, .wp-block-kadence-advancedheading.kt-adv-heading74_e65584-52[data-kb-block=\"kb-adv-heading74_e65584-52\"]{font-size:60px;}}@media all and (max-width: 767px){.wp-block-kadence-advancedheading.kt-adv-heading74_e65584-52, .wp-block-kadence-advancedheading.kt-adv-heading74_e65584-52[data-kb-block=\"kb-adv-heading74_e65584-52\"]{font-size:40px;}}<\/style>\n<h2 class=\"kt-adv-heading74_e65584-52 wp-block-kadence-advancedheading has-theme-palette-3-color has-text-color\" data-kb-block=\"kb-adv-heading74_e65584-52\">Produits conditionn\u00e9s ou marque blanche<\/h2>\n\n\n<style>.wp-block-kadence-advancedheading.kt-adv-heading74_224043-59, .wp-block-kadence-advancedheading.kt-adv-heading74_224043-59[data-kb-block=\"kb-adv-heading74_224043-59\"]{max-width:600px;margin-right:auto;margin-left:auto;text-align:center;font-style:normal;}.wp-block-kadence-advancedheading.kt-adv-heading74_224043-59 mark.kt-highlight, .wp-block-kadence-advancedheading.kt-adv-heading74_224043-59[data-kb-block=\"kb-adv-heading74_224043-59\"] mark.kt-highlight{font-style:normal;color:#f76a0c;-webkit-box-decoration-break:clone;box-decoration-break:clone;padding-top:0px;padding-right:0px;padding-bottom:0px;padding-left:0px;}<\/style>\n<p class=\"kt-adv-heading74_224043-59 wp-block-kadence-advancedheading has-theme-palette-4-color has-text-color\" data-kb-block=\"kb-adv-heading74_224043-59\">Optez pour nos produits \u00e9tiquet\u00e9s professionnellement, pour une exp\u00e9rience d&#8217;achat transparente et sans souci.<\/p>\n\n\n<style>.wp-block-kadence-advancedbtn.kb-btns74_e02ff6-c6{gap:var(--global-kb-gap-xs, 0.5rem );justify-content:center;align-items:center;}.kt-btns74_e02ff6-c6 .kt-button{font-weight:normal;font-style:normal;}<\/style>\n<div class=\"wp-block-kadence-advancedbtn kb-buttons-wrap kb-btns74_e02ff6-c6\"><style>ul.menu .wp-block-kadence-advancedbtn .kb-btn74_6c9ade-94.kb-button{width:initial;}.wp-block-kadence-advancedbtn .kb-btn74_6c9ade-94.kb-button{color:var(--global-palette4, #2D3748);border-top-color:var(--global-palette5, #4A5568);border-top-style:solid;border-right-color:var(--global-palette5, #4A5568);border-right-style:solid;border-bottom-color:var(--global-palette5, #4A5568);border-bottom-style:solid;border-left-color:var(--global-palette5, #4A5568);border-left-style:solid;margin-left:10px;}@media all and (max-width: 1024px){.wp-block-kadence-advancedbtn .kb-btn74_6c9ade-94.kb-button{border-top-color:var(--global-palette5, #4A5568);border-top-style:solid;border-right-color:var(--global-palette5, #4A5568);border-right-style:solid;border-bottom-color:var(--global-palette5, #4A5568);border-bottom-style:solid;border-left-color:var(--global-palette5, #4A5568);border-left-style:solid;}}@media all and (max-width: 767px){.wp-block-kadence-advancedbtn .kb-btn74_6c9ade-94.kb-button{border-top-color:var(--global-palette5, #4A5568);border-top-style:solid;border-right-color:var(--global-palette5, #4A5568);border-right-style:solid;border-bottom-color:var(--global-palette5, #4A5568);border-bottom-style:solid;border-left-color:var(--global-palette5, #4A5568);border-left-style:solid;}}<\/style><span class=\"kb-button kt-button button kb-btn74_6c9ade-94 kt-btn-size-standard kt-btn-width-type-auto kb-btn-global-outline kt-btn-has-text-true kt-btn-has-svg-false kb-btn-global-inherit wp-block-kadence-singlebtn\"><span class=\"kt-btn-inner-text\">Nous contacter<\/span><\/span><\/div>\n<\/div><\/div>\n\n<\/div><\/div>\n\n<style>.kb-row-layout-id74_536614-6e > .kt-row-column-wrap{align-content:start;}:where(.kb-row-layout-id74_536614-6e > .kt-row-column-wrap) > .wp-block-kadence-column{justify-content:start;}.kb-row-layout-id74_536614-6e > .kt-row-column-wrap{column-gap:var(--global-kb-gap-md, 2rem);row-gap:var(--global-kb-gap-md, 2rem);padding-top:var(--global-kb-spacing-sm, 1.5rem);padding-bottom:var(--global-kb-spacing-sm, 1.5rem);grid-template-columns:repeat(2, minmax(0, 1fr));}.kb-row-layout-id74_536614-6e > .kt-row-layout-overlay{opacity:0.30;}@media all and (max-width: 1024px){.kb-row-layout-id74_536614-6e > .kt-row-column-wrap{grid-template-columns:repeat(2, minmax(0, 1fr));}}@media all and (max-width: 767px){.kb-row-layout-id74_536614-6e > .kt-row-column-wrap{grid-template-columns:minmax(0, 1fr);}}<\/style><div class=\"kb-row-layout-wrap kb-row-layout-id74_536614-6e alignnone wp-block-kadence-rowlayout\"><div class=\"kt-row-column-wrap kt-has-2-columns kt-row-layout-equal kt-tab-layout-inherit kt-mobile-layout-row kt-row-valign-top\">\n<style>.kadence-column74_80d307-be > .kt-inside-inner-col,.kadence-column74_80d307-be > .kt-inside-inner-col:before{border-top-left-radius:0px;border-top-right-radius:0px;border-bottom-right-radius:0px;border-bottom-left-radius:0px;}.kadence-column74_80d307-be > .kt-inside-inner-col{column-gap:var(--global-kb-gap-sm, 1rem);}.kadence-column74_80d307-be > .kt-inside-inner-col{flex-direction:column;}.kadence-column74_80d307-be > .kt-inside-inner-col > .aligncenter{width:100%;}.kadence-column74_80d307-be > .kt-inside-inner-col:before{opacity:0.3;}.kadence-column74_80d307-be{position:relative;}@media all and (max-width: 1024px){.kadence-column74_80d307-be > .kt-inside-inner-col{flex-direction:column;}}@media all and (max-width: 767px){.kadence-column74_80d307-be > .kt-inside-inner-col{flex-direction:column;}}<\/style>\n<div class=\"wp-block-kadence-column kadence-column74_80d307-be\"><div class=\"kt-inside-inner-col\"><style>.kb-image74_6a30af-fd .kb-image-has-overlay:after{opacity:0.3;}<\/style>\n<figure class=\"wp-block-kadence-image kb-image74_6a30af-fd size-large\"><img loading=\"lazy\" decoding=\"async\" width=\"819\" height=\"1024\" src=\"http:\/\/grainesdafrique.com\/wp-content\/uploads\/2024\/02\/front-view-beauty-products-recipients-grey-rocks-819x1024.jpg\" alt=\"\" class=\"kb-img wp-image-75\" srcset=\"https:\/\/grainesdafrique.com\/wp-content\/uploads\/2024\/02\/front-view-beauty-products-recipients-grey-rocks-819x1024.jpg 819w, https:\/\/grainesdafrique.com\/wp-content\/uploads\/2024\/02\/front-view-beauty-products-recipients-grey-rocks-240x300.jpg 240w, https:\/\/grainesdafrique.com\/wp-content\/uploads\/2024\/02\/front-view-beauty-products-recipients-grey-rocks-768x960.jpg 768w, https:\/\/grainesdafrique.com\/wp-content\/uploads\/2024\/02\/front-view-beauty-products-recipients-grey-rocks-1228x1536.jpg 1228w, https:\/\/grainesdafrique.com\/wp-content\/uploads\/2024\/02\/front-view-beauty-products-recipients-grey-rocks-1638x2048.jpg 1638w, https:\/\/grainesdafrique.com\/wp-content\/uploads\/2024\/02\/front-view-beauty-products-recipients-grey-rocks-scaled.jpg 2047w\" sizes=\"(max-width: 819px) 100vw, 819px\" \/><\/figure>\n<\/div><\/div>\n\n\n<style>.kadence-column74_17d600-b1 > .kt-inside-inner-col,.kadence-column74_17d600-b1 > .kt-inside-inner-col:before{border-top-left-radius:0px;border-top-right-radius:0px;border-bottom-right-radius:0px;border-bottom-left-radius:0px;}.kadence-column74_17d600-b1 > .kt-inside-inner-col{column-gap:var(--global-kb-gap-sm, 1rem);}.kadence-column74_17d600-b1 > .kt-inside-inner-col{flex-direction:column;}.kadence-column74_17d600-b1 > .kt-inside-inner-col > .aligncenter{width:100%;}.kadence-column74_17d600-b1 > .kt-inside-inner-col:before{opacity:0.3;}.kadence-column74_17d600-b1{position:relative;}@media all and (max-width: 1024px){.kadence-column74_17d600-b1 > .kt-inside-inner-col{flex-direction:column;}}@media all and (max-width: 767px){.kadence-column74_17d600-b1 > .kt-inside-inner-col{flex-direction:column;}}<\/style>\n<div class=\"wp-block-kadence-column kadence-column74_17d600-b1\"><div class=\"kt-inside-inner-col\">\n<p><\/p>\n\n\n\n<p><\/p>\n\n\n<style>.wp-block-kadence-advancedheading.kt-adv-heading74_6d38b3-58, .wp-block-kadence-advancedheading.kt-adv-heading74_6d38b3-58[data-kb-block=\"kb-adv-heading74_6d38b3-58\"]{text-align:center;font-style:normal;}.wp-block-kadence-advancedheading.kt-adv-heading74_6d38b3-58 mark.kt-highlight, .wp-block-kadence-advancedheading.kt-adv-heading74_6d38b3-58[data-kb-block=\"kb-adv-heading74_6d38b3-58\"] mark.kt-highlight{font-style:normal;color:#f76a0c;-webkit-box-decoration-break:clone;box-decoration-break:clone;padding-top:0px;padding-right:0px;padding-bottom:0px;padding-left:0px;}<\/style>\n<h2 class=\"kt-adv-heading74_6d38b3-58 wp-block-kadence-advancedheading\" data-kb-block=\"kb-adv-heading74_6d38b3-58\">Produits conditionn\u00e9s<\/h2>\n\n\n\n<p>Vous cherchez des produits qui r\u00e9pondent \u00e0 vos besoins sp\u00e9cifiques tout en \u00e9tant facilement transportables et stockables ? Ne cherchez pas plus loin ! Chez Graines d&#8217;afrique, nous comprenons l&#8217;importance de la praticit\u00e9 et de la commodit\u00e9 lorsqu&#8217;il s&#8217;agit de choisir des produits pour votre quotidien.<\/p>\n\n\n\n<p>Nos produits conditionn\u00e9s sont soigneusement s\u00e9lectionn\u00e9s et emball\u00e9s pour vous offrir la meilleure qualit\u00e9 associ\u00e9e \u00e0 la plus grande facilit\u00e9 d&#8217;utilisation. Que vous ayez besoin de produits alimentaires, de produits de soin,  nous avons ce qu&#8217;il vous faut, pr\u00eat \u00e0 \u00eatre utilis\u00e9 d\u00e8s que vous en avez besoin.<\/p>\n<\/div><\/div>\n\n<\/div><\/div>\n\n<style>.kb-row-layout-id74_411020-0b > .kt-row-column-wrap{align-content:start;}:where(.kb-row-layout-id74_411020-0b > .kt-row-column-wrap) > .wp-block-kadence-column{justify-content:start;}.kb-row-layout-id74_411020-0b > .kt-row-column-wrap{column-gap:var(--global-kb-gap-md, 2rem);row-gap:var(--global-kb-gap-md, 2rem);padding-top:var(--global-kb-spacing-sm, 1.5rem);padding-bottom:var(--global-kb-spacing-sm, 1.5rem);grid-template-columns:repeat(2, minmax(0, 1fr));}.kb-row-layout-id74_411020-0b > .kt-row-layout-overlay{opacity:0.30;}@media all and (max-width: 1024px){.kb-row-layout-id74_411020-0b > .kt-row-column-wrap{grid-template-columns:repeat(2, minmax(0, 1fr));}}@media all and (max-width: 767px){.kb-row-layout-id74_411020-0b > .kt-row-column-wrap{grid-template-columns:minmax(0, 1fr);}}<\/style><div class=\"kb-row-layout-wrap kb-row-layout-id74_411020-0b alignnone wp-block-kadence-rowlayout\"><div class=\"kt-row-column-wrap kt-has-2-columns kt-row-layout-equal kt-tab-layout-inherit kt-mobile-layout-row kt-row-valign-top\">\n<style>.kadence-column74_37fa7a-ef > .kt-inside-inner-col,.kadence-column74_37fa7a-ef > .kt-inside-inner-col:before{border-top-left-radius:0px;border-top-right-radius:0px;border-bottom-right-radius:0px;border-bottom-left-radius:0px;}.kadence-column74_37fa7a-ef > .kt-inside-inner-col{column-gap:var(--global-kb-gap-sm, 1rem);}.kadence-column74_37fa7a-ef > .kt-inside-inner-col{flex-direction:column;}.kadence-column74_37fa7a-ef > .kt-inside-inner-col > .aligncenter{width:100%;}.kadence-column74_37fa7a-ef > .kt-inside-inner-col:before{opacity:0.3;}.kadence-column74_37fa7a-ef{position:relative;}@media all and (max-width: 1024px){.kadence-column74_37fa7a-ef > .kt-inside-inner-col{flex-direction:column;}}@media all and (max-width: 767px){.kadence-column74_37fa7a-ef > .kt-inside-inner-col{flex-direction:column;}}<\/style>\n<div class=\"wp-block-kadence-column kadence-column74_37fa7a-ef\"><div class=\"kt-inside-inner-col\"><style>.kb-image74_8da3be-5b.kb-image-is-ratio-size, .kb-image74_8da3be-5b .kb-image-is-ratio-size{max-width:533px;width:100%;}.wp-block-kadence-column > .kt-inside-inner-col > .kb-image74_8da3be-5b.kb-image-is-ratio-size, .wp-block-kadence-column > .kt-inside-inner-col > .kb-image74_8da3be-5b .kb-image-is-ratio-size{align-self:unset;}.kb-image74_8da3be-5b{max-width:533px;}.image-is-svg.kb-image74_8da3be-5b{-webkit-flex:0 1 100%;flex:0 1 100%;}.image-is-svg.kb-image74_8da3be-5b img{width:100%;}.kb-image74_8da3be-5b .kb-image-has-overlay:after{opacity:0.3;}<\/style>\n<figure class=\"wp-block-kadence-image kb-image74_8da3be-5b size-large\"><img loading=\"lazy\" decoding=\"async\" width=\"1024\" height=\"992\" src=\"http:\/\/grainesdafrique.com\/wp-content\/uploads\/2024\/02\/5iul_el_-1024x992.jpg\" alt=\"\" class=\"kb-img wp-image-78\" srcset=\"https:\/\/grainesdafrique.com\/wp-content\/uploads\/2024\/02\/5iul_el_-1024x992.jpg 1024w, https:\/\/grainesdafrique.com\/wp-content\/uploads\/2024\/02\/5iul_el_-300x291.jpg 300w, https:\/\/grainesdafrique.com\/wp-content\/uploads\/2024\/02\/5iul_el_-768x744.jpg 768w, https:\/\/grainesdafrique.com\/wp-content\/uploads\/2024\/02\/5iul_el_-1536x1488.jpg 1536w, https:\/\/grainesdafrique.com\/wp-content\/uploads\/2024\/02\/5iul_el_-2048x1984.jpg 2048w\" sizes=\"(max-width: 1024px) 100vw, 1024px\" \/><\/figure>\n<\/div><\/div>\n\n\n<style>.kadence-column74_ea6b27-1a > .kt-inside-inner-col,.kadence-column74_ea6b27-1a > .kt-inside-inner-col:before{border-top-left-radius:0px;border-top-right-radius:0px;border-bottom-right-radius:0px;border-bottom-left-radius:0px;}.kadence-column74_ea6b27-1a > .kt-inside-inner-col{column-gap:var(--global-kb-gap-sm, 1rem);}.kadence-column74_ea6b27-1a > .kt-inside-inner-col{flex-direction:column;}.kadence-column74_ea6b27-1a > .kt-inside-inner-col > .aligncenter{width:100%;}.kadence-column74_ea6b27-1a > .kt-inside-inner-col:before{opacity:0.3;}.kadence-column74_ea6b27-1a{position:relative;}@media all and (max-width: 1024px){.kadence-column74_ea6b27-1a > .kt-inside-inner-col{flex-direction:column;}}@media all and (max-width: 767px){.kadence-column74_ea6b27-1a > .kt-inside-inner-col{flex-direction:column;}}<\/style>\n<div class=\"wp-block-kadence-column kadence-column74_ea6b27-1a\"><div class=\"kt-inside-inner-col\">\n<p><\/p>\n\n\n\n<p><\/p>\n\n\n\n<h2 class=\"wp-block-heading has-text-align-center\">\u00c9tiquettes de produits<\/h2>\n\n\n\n<p><a href=\"https:\/\/www.vistaprint.fr\/etiquettes-autocollants\/etiquettes-personnalisees\/etiquettes-de-produits#reviews-container\"><\/a><\/p>\n\n\n\n<p class=\"has-text-align-left\">Distinguez-vous en ajoutant des \u00e9tiquettes professionnelles et informatives \u00e0 chacun de vos produits. Ces \u00e9tiquettes offrent \u00e0 vos clients des d\u00e9tails clairs sur les caract\u00e9ristiques, les instructions d&#8217;utilisation et les ingr\u00e9dients, renfor\u00e7ant ainsi la confiance et la satisfaction. Faites de chaque produit une exp\u00e9rience d&#8217;achat transparente et professionnelle avec nos \u00e9tiquettes de qualit\u00e9 sup\u00e9rieure.<\/p>\n<\/div><\/div>\n\n<\/div><\/div>\n\n<style>.wp-block-kadence-advancedbtn.kb-btns74_63a682-99{gap:var(--global-kb-gap-xs, 0.5rem );justify-content:center;align-items:center;}.kt-btns74_63a682-99 .kt-button{font-weight:normal;font-style:normal;}.kt-btns74_63a682-99 .kt-btn-wrap-0{margin-right:5px;}.wp-block-kadence-advancedbtn.kt-btns74_63a682-99 .kt-btn-wrap-0 .kt-button{color:#555555;border-color:#555555;}.wp-block-kadence-advancedbtn.kt-btns74_63a682-99 .kt-btn-wrap-0 .kt-button:hover, .wp-block-kadence-advancedbtn.kt-btns74_63a682-99 .kt-btn-wrap-0 .kt-button:focus{color:#ffffff;border-color:#444444;}.wp-block-kadence-advancedbtn.kt-btns74_63a682-99 .kt-btn-wrap-0 .kt-button::before{display:none;}.wp-block-kadence-advancedbtn.kt-btns74_63a682-99 .kt-btn-wrap-0 .kt-button:hover, .wp-block-kadence-advancedbtn.kt-btns74_63a682-99 .kt-btn-wrap-0 .kt-button:focus{background:#444444;}<\/style>\n<div class=\"wp-block-kadence-advancedbtn kb-buttons-wrap kb-btns74_63a682-99\"><style>ul.menu .wp-block-kadence-advancedbtn .kb-btn74_fc505a-fc.kb-button{width:initial;}<\/style><span class=\"kb-button kt-button button kb-btn74_fc505a-fc kt-btn-size-standard kt-btn-width-type-full kb-btn-global-fill kt-btn-has-text-true kt-btn-has-svg-false wp-block-kadence-singlebtn\"><span class=\"kt-btn-inner-text\">Nous contacter<\/span><\/span><\/div>\n","protected":false},"excerpt":{"rendered":"<p>Produits conditionn\u00e9s ou marque blanche Optez pour nos produits \u00e9tiquet\u00e9s professionnellement, pour une exp\u00e9rience d&#8217;achat transparente et sans souci. Produits conditionn\u00e9s Vous cherchez des produits qui r\u00e9pondent \u00e0 vos besoins sp\u00e9cifiques tout en \u00e9tant facilement transportables et stockables ? Ne cherchez pas plus loin ! Chez Graines d&#8217;afrique, nous comprenons l&#8217;importance de la praticit\u00e9 et&#8230;<\/p>\n","protected":false},"author":1,"featured_media":0,"parent":0,"menu_order":0,"comment_status":"closed","ping_status":"closed","template":"","meta":{"_kad_blocks_custom_css":"","_kad_blocks_head_custom_js":"","_kad_blocks_body_custom_js":"","_kad_blocks_footer_custom_js":"","_kadence_starter_templates_imported_post":false,"_kad_post_transparent":"","_kad_post_title":"","_kad_post_layout":"","_kad_post_sidebar_id":"","_kad_post_content_style":"","_kad_post_vertical_padding":"","_kad_post_feature":"","_kad_post_feature_position":"","_kad_post_header":false,"_kad_post_footer":false,"footnotes":""},"taxonomy_info":[],"featured_image_src_large":false,"author_info":{"display_name":"grainesdafrique.com","author_link":"https:\/\/grainesdafrique.com\/index.php\/author\/grainesdafrique-com\/"},"comment_info":0,"_links":{"self":[{"href":"https:\/\/grainesdafrique.com\/index.php\/wp-json\/wp\/v2\/pages\/74"}],"collection":[{"href":"https:\/\/grainesdafrique.com\/index.php\/wp-json\/wp\/v2\/pages"}],"about":[{"href":"https:\/\/grainesdafrique.com\/index.php\/wp-json\/wp\/v2\/types\/page"}],"author":[{"embeddable":true,"href":"https:\/\/grainesdafrique.com\/index.php\/wp-json\/wp\/v2\/users\/1"}],"replies":[{"embeddable":true,"href":"https:\/\/grainesdafrique.com\/index.php\/wp-json\/wp\/v2\/comments?post=74"}],"version-history":[{"count":2,"href":"https:\/\/grainesdafrique.com\/index.php\/wp-json\/wp\/v2\/pages\/74\/revisions"}],"predecessor-version":[{"id":101,"href":"https:\/\/grainesdafrique.com\/index.php\/wp-json\/wp\/v2\/pages\/74\/revisions\/101"}],"wp:attachment":[{"href":"https:\/\/grainesdafrique.com\/index.php\/wp-json\/wp\/v2\/media?parent=74"}],"curies":[{"name":"wp","href":"https:\/\/api.w.org\/{rel}","templated":true}]}}