{"id":83,"date":"2024-02-08T12:24:28","date_gmt":"2024-02-08T11:24:28","guid":{"rendered":"https:\/\/grainesdafrique.com\/?page_id=83"},"modified":"2024-02-08T12:24:28","modified_gmt":"2024-02-08T11:24:28","slug":"formule-complete-site-web-cle-en-main","status":"publish","type":"page","link":"https:\/\/grainesdafrique.com\/index.php\/formule-complete-site-web-cle-en-main\/","title":{"rendered":"Formule compl\u00e8te : Site web cl\u00e9 en main"},"content":{"rendered":"<style>.kb-row-layout-id83_78882e-34 > .kt-row-column-wrap{align-content:center;}:where(.kb-row-layout-id83_78882e-34 > .kt-row-column-wrap) > .wp-block-kadence-column{justify-content:center;}.kb-row-layout-id83_78882e-34 > .kt-row-column-wrap{column-gap:var(--global-kb-gap-md, 2rem);row-gap:var(--global-kb-gap-md, 2rem);max-width:var( --global-content-width, 1290px );padding-left:var(--global-content-edge-padding);padding-right:var(--global-content-edge-padding);padding-top:var(--global-kb-spacing-4xl, 8rem);padding-bottom:var(--global-kb-spacing-5xl, 10rem);min-height:650px;grid-template-columns:minmax(0, 1fr);}.kb-row-layout-id83_78882e-34{background-image:url('http:\/\/grainesdafrique.com\/wp-content\/uploads\/2024\/02\/showing-cart-trolley-shopping-online-sign-graphic-scaled.jpg');background-size:cover;background-position:center center;background-attachment:scroll;background-repeat:no-repeat;}.kb-row-layout-id83_78882e-34 > .kt-row-layout-overlay{opacity:0.90;background:linear-gradient(135deg,var(--global-palette9,#ffffff) 0%,var(--global-palette7,#EDF2F7) 99%);mix-blend-mode:normal;}.kb-row-layout-id83_78882e-34 .kt-row-layout-bottom-sep{height:100px;}.kb-row-layout-id83_78882e-34 .kt-row-layout-bottom-sep svg{width:100%;}.kb-row-layout-id83_78882e-34 .kt-row-layout-bottom-sep svg{fill:var(--global-palette9, #ffffff)!important;}@media all and (max-width: 1024px){.kb-row-layout-id83_78882e-34 > .kt-row-column-wrap{grid-template-columns:minmax(0, 1fr);}}@media all and (max-width: 1024px){.kb-row-layout-id83_78882e-34 .kt-row-layout-bottom-sep{height:px;}}@media all and (max-width: 1024px){.kb-row-layout-id83_78882e-34 .kt-row-layout-bottom-sep svg{width:%;}}@media all and (max-width: 767px){.kb-row-layout-id83_78882e-34 > .kt-row-column-wrap{padding-top:var(--global-kb-spacing-xl, 4rem);padding-bottom:var(--global-kb-spacing-xl, 4rem);grid-template-columns:minmax(0, 1fr);}.kb-row-layout-id83_78882e-34 .kt-row-layout-bottom-sep{height:px;}.kb-row-layout-id83_78882e-34 .kt-row-layout-bottom-sep svg{width:%;}}<\/style><div class=\"kb-row-layout-wrap kb-row-layout-id83_78882e-34 alignfull kt-row-has-bg kb-divider-static wp-block-kadence-rowlayout\"><div class=\"kt-row-layout-overlay kt-row-overlay-gradient\"><\/div><div class=\"kt-row-layout-bottom-sep kt-row-sep-type-sltl\"><svg viewBox=\"0 0 1000 100\" preserveAspectRatio=\"none\"><path d=\"M1000,0l-1000,100l1000,0l0,-100Z\" \/><\/svg><\/div><div class=\"kt-row-column-wrap kt-has-1-columns kt-row-layout-equal kt-tab-layout-inherit kt-mobile-layout-row kt-row-valign-middle kb-theme-content-width\">\n<style>.kadence-column83_c6b7fd-a8 > .kt-inside-inner-col,.kadence-column83_c6b7fd-a8 > .kt-inside-inner-col:before{border-top-left-radius:0px;border-top-right-radius:0px;border-bottom-right-radius:0px;border-bottom-left-radius:0px;}.kadence-column83_c6b7fd-a8 > .kt-inside-inner-col{column-gap:var(--global-kb-gap-sm, 1rem);}.kadence-column83_c6b7fd-a8 > .kt-inside-inner-col{flex-direction:column;}.kadence-column83_c6b7fd-a8 > .kt-inside-inner-col > .aligncenter{width:100%;}.kadence-column83_c6b7fd-a8 > .kt-inside-inner-col:before{opacity:0.3;}.kadence-column83_c6b7fd-a8{position:relative;}@media all and (max-width: 1024px){.kadence-column83_c6b7fd-a8 > .kt-inside-inner-col{flex-direction:column;}}@media all and (max-width: 767px){.kadence-column83_c6b7fd-a8 > .kt-inside-inner-col{flex-direction:column;}}<\/style>\n<div class=\"wp-block-kadence-column kadence-column83_c6b7fd-a8 inner-column-1\"><div class=\"kt-inside-inner-col\"><style>.wp-block-kadence-advancedheading.kt-adv-heading83_085226-f3, .wp-block-kadence-advancedheading.kt-adv-heading83_085226-f3[data-kb-block=\"kb-adv-heading83_085226-f3\"]{margin-top:var(--global-kb-spacing-xs, 1rem);text-align:center;font-size:80px;line-height:1;font-style:normal;}.wp-block-kadence-advancedheading.kt-adv-heading83_085226-f3 mark.kt-highlight, .wp-block-kadence-advancedheading.kt-adv-heading83_085226-f3[data-kb-block=\"kb-adv-heading83_085226-f3\"] mark.kt-highlight{font-style:normal;color:#f76a0c;-webkit-box-decoration-break:clone;box-decoration-break:clone;padding-top:0px;padding-right:0px;padding-bottom:0px;padding-left:0px;}@media all and (max-width: 1024px){.wp-block-kadence-advancedheading.kt-adv-heading83_085226-f3, .wp-block-kadence-advancedheading.kt-adv-heading83_085226-f3[data-kb-block=\"kb-adv-heading83_085226-f3\"]{font-size:60px;}}@media all and (max-width: 767px){.wp-block-kadence-advancedheading.kt-adv-heading83_085226-f3, .wp-block-kadence-advancedheading.kt-adv-heading83_085226-f3[data-kb-block=\"kb-adv-heading83_085226-f3\"]{font-size:40px;}}<\/style>\n<h2 class=\"kt-adv-heading83_085226-f3 wp-block-kadence-advancedheading has-theme-palette-3-color has-text-color\" data-kb-block=\"kb-adv-heading83_085226-f3\">Votre site pr\u00eat \u00e0 l&#8217;emploi<\/h2>\n\n\n<style>.wp-block-kadence-advancedbtn.kb-btns83_07d358-f1{gap:var(--global-kb-gap-sm, 1rem);justify-content:center;align-items:center;}.kt-btns83_07d358-f1 .kt-button{font-weight:normal;font-style:normal;}<\/style>\n<div class=\"wp-block-kadence-advancedbtn kb-buttons-wrap kb-btns83_07d358-f1\"><style>ul.menu .wp-block-kadence-advancedbtn .kb-btn83_60ab4b-a8.kb-button{width:initial;}.wp-block-kadence-advancedbtn .kb-btn83_60ab4b-a8.kb-button{color:var(--global-palette3, #1A202C);border-top-color:var(--global-palette3, #1A202C);border-top-style:solid;border-right-color:var(--global-palette3, #1A202C);border-right-style:solid;border-bottom-color:var(--global-palette3, #1A202C);border-bottom-style:solid;border-left-color:var(--global-palette3, #1A202C);border-left-style:solid;}@media all and (max-width: 1024px){.wp-block-kadence-advancedbtn .kb-btn83_60ab4b-a8.kb-button{border-top-color:var(--global-palette3, #1A202C);border-top-style:solid;border-right-color:var(--global-palette3, #1A202C);border-right-style:solid;border-bottom-color:var(--global-palette3, #1A202C);border-bottom-style:solid;border-left-color:var(--global-palette3, #1A202C);border-left-style:solid;}}@media all and (max-width: 767px){.wp-block-kadence-advancedbtn .kb-btn83_60ab4b-a8.kb-button{border-top-color:var(--global-palette3, #1A202C);border-top-style:solid;border-right-color:var(--global-palette3, #1A202C);border-right-style:solid;border-bottom-color:var(--global-palette3, #1A202C);border-bottom-style:solid;border-left-color:var(--global-palette3, #1A202C);border-left-style:solid;}}<\/style><span class=\"kb-button kt-button button kb-btn83_60ab4b-a8 kt-btn-size-standard kt-btn-width-type-auto kb-btn-global-outline kt-btn-has-text-true kt-btn-has-svg-true kb-btn-global-inherit wp-block-kadence-singlebtn\"><span class=\"kt-btn-inner-text\">Je souhaite obtenir un devis<\/span><span class=\"kb-svg-icon-wrap kb-svg-icon-fe_arrowRight kt-btn-icon-side-right\"><svg viewBox=\"0 0 24 24\"  fill=\"none\" stroke=\"currentColor\" stroke-width=\"2\" stroke-linecap=\"round\" stroke-linejoin=\"round\" xmlns=\"http:\/\/www.w3.org\/2000\/svg\"  aria-hidden=\"true\"><line x1=\"5\" y1=\"12\" x2=\"19\" y2=\"12\"\/><polyline points=\"12 5 19 12 12 19\"\/><\/svg><\/span><\/span><\/div>\n<\/div><\/div>\n\n<\/div><\/div>\n\n\n<p><\/p>\n\n\n\n<p>Vous r\u00eavez de <strong>lancer votre propre entreprise en ligne<\/strong>, mais vous ne savez pas par o\u00f9 commencer ? Ne cherchez pas plus loin. Chez Graines d&#8217;Afrique, nous avons la <strong>solution parfaite<\/strong> pour vous : notre service de <strong>cr\u00e9ation de sites web cl\u00e9 en main<\/strong>. Avec notre expertise et notre engagement envers la qualit\u00e9, nous vous offrons une exp\u00e9rience sans tracas pour vous aider \u00e0 concr\u00e9tiser vos ambitions entrepreneuriales.<\/p>\n\n\n<style>.wp-block-kadence-advancedheading.kt-adv-heading83_864bb4-bd, .wp-block-kadence-advancedheading.kt-adv-heading83_864bb4-bd[data-kb-block=\"kb-adv-heading83_864bb4-bd\"]{text-align:center;font-style:normal;}.wp-block-kadence-advancedheading.kt-adv-heading83_864bb4-bd mark.kt-highlight, .wp-block-kadence-advancedheading.kt-adv-heading83_864bb4-bd[data-kb-block=\"kb-adv-heading83_864bb4-bd\"] mark.kt-highlight{font-style:normal;color:#f76a0c;-webkit-box-decoration-break:clone;box-decoration-break:clone;padding-top:0px;padding-right:0px;padding-bottom:0px;padding-left:0px;}<\/style>\n<h3 class=\"kt-adv-heading83_864bb4-bd wp-block-kadence-advancedheading\" data-kb-block=\"kb-adv-heading83_864bb4-bd\"><strong>Notre Service<\/strong><\/h3>\n\n\n\n<p>Imaginez un site web pr\u00eat \u00e0 l&#8217;emploi, con\u00e7u sur mesure pour votre entreprise, avec vos produits souhait\u00e9s d\u00e9j\u00e0 int\u00e9gr\u00e9s. C&#8217;est exactement ce que nous proposons. Notre \u00e9quipe de professionnels qualifi\u00e9s s&#8217;occupera de chaque \u00e9tape du processus, depuis la recherche des meilleurs produits naturels de qualit\u00e9 jusqu&#8217;\u00e0 la livraison de votre stock et votre site pr\u00eat \u00e0 vendre.<\/p>\n\n\n<style>.wp-block-kadence-advancedheading.kt-adv-heading83_35dedb-ff, .wp-block-kadence-advancedheading.kt-adv-heading83_35dedb-ff[data-kb-block=\"kb-adv-heading83_35dedb-ff\"]{text-align:center;font-style:normal;}.wp-block-kadence-advancedheading.kt-adv-heading83_35dedb-ff mark.kt-highlight, .wp-block-kadence-advancedheading.kt-adv-heading83_35dedb-ff[data-kb-block=\"kb-adv-heading83_35dedb-ff\"] mark.kt-highlight{font-style:normal;color:#f76a0c;-webkit-box-decoration-break:clone;box-decoration-break:clone;padding-top:0px;padding-right:0px;padding-bottom:0px;padding-left:0px;}<\/style>\n<h3 class=\"kt-adv-heading83_35dedb-ff wp-block-kadence-advancedheading\" data-kb-block=\"kb-adv-heading83_35dedb-ff\"><strong>Pourquoi Nous Choisir<\/strong><\/h3>\n\n\n\n<ol>\n<li><strong>Expertise Professionnelle :<\/strong> Avec des ann\u00e9es d&#8217;exp\u00e9rience dans le domaine du commerce en ligne, nous savons ce qu&#8217;il faut pour r\u00e9ussir en ligne. Nous mettons \u00e0 profit notre expertise pour cr\u00e9er un site web performant qui r\u00e9pond \u00e0 vos besoins et \u00e0 ceux de vos clients.<\/li>\n\n\n\n<li><strong>Produits de Qualit\u00e9 :<\/strong> Nous sommes d\u00e9termin\u00e9s \u00e0 vous fournir des produits naturels de qualit\u00e9 disponibles sur le march\u00e9. Nous effectuons des recherches et collaborons avec des fournisseurs de confiance pour garantir la qualit\u00e9 et la satisfaction de vos clients.<\/li>\n\n\n\n<li><strong>Service Complet :<\/strong> De la conception du site web \u00e0 la livraison de votre stock, nous nous occupons de tout. Vous n&#8217;avez pas \u00e0 vous soucier des d\u00e9tails techniques ou logistiques &#8211; nous prenons tout en charge pour que vous puissiez vous concentrer sur la croissance de votre entreprise.<\/li>\n<\/ol>\n\n\n\n<p class=\"has-text-align-center\"><strong>Demandez Votre Devis Gratuit<\/strong><\/p>\n\n\n\n<p>Pr\u00eat \u00e0 d\u00e9marrer votre aventure en ligne ? Cliquez sur le bouton ci-dessous pour demander votre devis gratuit d\u00e8s aujourd&#8217;hui. Notre \u00e9quipe se fera un plaisir de discuter de vos besoins et de vous proposer une solution sur mesure pour votre entreprise.<\/p>\n\n\n\n<p><strong>Contactez-nous d\u00e8s maintenant et laissez-nous vous aider \u00e0 transformer votre vision en r\u00e9alit\u00e9.<\/strong><\/p>\n\n\n<style>.wp-block-kadence-advancedbtn.kb-btns83_a8484c-e0{gap:var(--global-kb-gap-xs, 0.5rem );justify-content:center;align-items:center;}.kt-btns83_a8484c-e0 .kt-button{font-weight:normal;font-style:normal;}.kt-btns83_a8484c-e0 .kt-btn-wrap-0{margin-right:5px;}.wp-block-kadence-advancedbtn.kt-btns83_a8484c-e0 .kt-btn-wrap-0 .kt-button{color:#555555;border-color:#555555;}.wp-block-kadence-advancedbtn.kt-btns83_a8484c-e0 .kt-btn-wrap-0 .kt-button:hover, .wp-block-kadence-advancedbtn.kt-btns83_a8484c-e0 .kt-btn-wrap-0 .kt-button:focus{color:#ffffff;border-color:#444444;}.wp-block-kadence-advancedbtn.kt-btns83_a8484c-e0 .kt-btn-wrap-0 .kt-button::before{display:none;}.wp-block-kadence-advancedbtn.kt-btns83_a8484c-e0 .kt-btn-wrap-0 .kt-button:hover, .wp-block-kadence-advancedbtn.kt-btns83_a8484c-e0 .kt-btn-wrap-0 .kt-button:focus{background:#444444;}<\/style>\n<div class=\"wp-block-kadence-advancedbtn kb-buttons-wrap kb-btns83_a8484c-e0\"><style>ul.menu .wp-block-kadence-advancedbtn .kb-btn83_595c94-5e.kb-button{width:initial;}<\/style><span class=\"kb-button kt-button button kb-btn83_595c94-5e kt-btn-size-standard kt-btn-width-type-full kb-btn-global-fill kt-btn-has-text-true kt-btn-has-svg-false wp-block-kadence-singlebtn\"><span class=\"kt-btn-inner-text\">Demander un Devis<\/span><\/span><\/div>\n","protected":false},"excerpt":{"rendered":"<p>Votre site pr\u00eat \u00e0 l&#8217;emploi Vous r\u00eavez de lancer votre propre entreprise en ligne, mais vous ne savez pas par o\u00f9 commencer ? Ne cherchez pas plus loin. Chez Graines d&#8217;Afrique, nous avons la solution parfaite pour vous : notre service de cr\u00e9ation de sites web cl\u00e9 en main. Avec notre expertise et notre engagement&#8230;<\/p>\n","protected":false},"author":1,"featured_media":0,"parent":0,"menu_order":0,"comment_status":"closed","ping_status":"closed","template":"","meta":{"_kad_blocks_custom_css":"","_kad_blocks_head_custom_js":"","_kad_blocks_body_custom_js":"","_kad_blocks_footer_custom_js":"","_kadence_starter_templates_imported_post":false,"_kad_post_transparent":"","_kad_post_title":"","_kad_post_layout":"","_kad_post_sidebar_id":"","_kad_post_content_style":"","_kad_post_vertical_padding":"","_kad_post_feature":"","_kad_post_feature_position":"","_kad_post_header":false,"_kad_post_footer":false,"footnotes":""},"taxonomy_info":[],"featured_image_src_large":false,"author_info":{"display_name":"grainesdafrique.com","author_link":"https:\/\/grainesdafrique.com\/index.php\/author\/grainesdafrique-com\/"},"comment_info":0,"_links":{"self":[{"href":"https:\/\/grainesdafrique.com\/index.php\/wp-json\/wp\/v2\/pages\/83"}],"collection":[{"href":"https:\/\/grainesdafrique.com\/index.php\/wp-json\/wp\/v2\/pages"}],"about":[{"href":"https:\/\/grainesdafrique.com\/index.php\/wp-json\/wp\/v2\/types\/page"}],"author":[{"embeddable":true,"href":"https:\/\/grainesdafrique.com\/index.php\/wp-json\/wp\/v2\/users\/1"}],"replies":[{"embeddable":true,"href":"https:\/\/grainesdafrique.com\/index.php\/wp-json\/wp\/v2\/comments?post=83"}],"version-history":[{"count":1,"href":"https:\/\/grainesdafrique.com\/index.php\/wp-json\/wp\/v2\/pages\/83\/revisions"}],"predecessor-version":[{"id":85,"href":"https:\/\/grainesdafrique.com\/index.php\/wp-json\/wp\/v2\/pages\/83\/revisions\/85"}],"wp:attachment":[{"href":"https:\/\/grainesdafrique.com\/index.php\/wp-json\/wp\/v2\/media?parent=83"}],"curies":[{"name":"wp","href":"https:\/\/api.w.org\/{rel}","templated":true}]}}