{"id":86,"date":"2024-02-08T12:41:18","date_gmt":"2024-02-08T11:41:18","guid":{"rendered":"https:\/\/grainesdafrique.com\/?page_id=86"},"modified":"2025-05-01T12:13:07","modified_gmt":"2025-05-01T10:13:07","slug":"contact","status":"publish","type":"page","link":"https:\/\/grainesdafrique.com\/index.php\/contact\/","title":{"rendered":"Contact"},"content":{"rendered":"<style>.kb-row-layout-id86_77fe64-fc > .kt-row-column-wrap{align-content:start;}:where(.kb-row-layout-id86_77fe64-fc > .kt-row-column-wrap) > .wp-block-kadence-column{justify-content:start;}.kb-row-layout-id86_77fe64-fc > .kt-row-column-wrap{column-gap:var(--global-kb-gap-md, 2rem);row-gap:var(--global-kb-gap-md, 2rem);max-width:var( --global-content-width, 1290px );padding-left:var(--global-content-edge-padding);padding-right:var(--global-content-edge-padding);padding-top:var(--global-kb-spacing-xxl, 5rem);padding-bottom:var(--global-kb-spacing-xxl, 5rem);grid-template-columns:repeat(2, minmax(0, 1fr));}.kb-row-layout-id86_77fe64-fc > .kt-row-layout-overlay{opacity:0.30;}@media all and (max-width: 1024px){.kb-row-layout-id86_77fe64-fc > .kt-row-column-wrap{row-gap:var(--global-kb-gap-sm, 1rem);grid-template-columns:minmax(0, 1fr);}}@media all and (max-width: 767px){.kb-row-layout-id86_77fe64-fc > .kt-row-column-wrap{row-gap:var(--global-kb-gap-sm, 1rem);grid-template-columns:minmax(0, 1fr);}}<\/style><div class=\"kb-row-layout-wrap kb-row-layout-id86_77fe64-fc alignfull has-theme-palette8-background-color kt-row-has-bg wp-block-kadence-rowlayout\"><div class=\"kt-row-column-wrap kt-has-2-columns kt-row-layout-equal kt-tab-layout-row kt-mobile-layout-row kt-row-valign-top kb-theme-content-width\">\n<style>.kadence-column86_e2a054-e3 > .kt-inside-inner-col,.kadence-column86_e2a054-e3 > .kt-inside-inner-col:before{border-top-left-radius:0px;border-top-right-radius:0px;border-bottom-right-radius:0px;border-bottom-left-radius:0px;}.kadence-column86_e2a054-e3 > .kt-inside-inner-col{column-gap:var(--global-kb-gap-sm, 1rem);}.kadence-column86_e2a054-e3 > .kt-inside-inner-col{flex-direction:column;}.kadence-column86_e2a054-e3 > .kt-inside-inner-col > .aligncenter{width:100%;}.kadence-column86_e2a054-e3 > .kt-inside-inner-col:before{opacity:0.3;}.kadence-column86_e2a054-e3{position:relative;}@media all and (max-width: 1024px){.kadence-column86_e2a054-e3 > .kt-inside-inner-col{padding-bottom:var(--global-kb-spacing-md, 2rem);flex-direction:column;}}@media all and (max-width: 1024px){.kt-row-column-wrap.kt-tab-layout-three-grid > .kadence-column86_e2a054-e3, .kt-row-column-wrap.kt-tab-layout-two-grid > .kadence-column86_e2a054-e3, .kt-row-column-wrap.kt-tab-layout-row > .kadence-column86_e2a054-e3{order:1;}}@media all and (max-width: 767px){.kt-row-column-wrap.kt-mobile-layout-three-grid > .kadence-column86_e2a054-e3, .kt-row-column-wrap.kt-mobile-layout-two-grid > .kadence-column86_e2a054-e3, .kt-row-column-wrap.kt-mobile-layout-row > .kadence-column86_e2a054-e3{order:1;}.kadence-column86_e2a054-e3 > .kt-inside-inner-col{flex-direction:column;}}<\/style>\n<div class=\"wp-block-kadence-column kadence-column86_e2a054-e3 inner-column-1\"><div class=\"kt-inside-inner-col\"><style>.kb-row-layout-id86_c8f240-b2 > .kt-row-column-wrap{align-content:start;}:where(.kb-row-layout-id86_c8f240-b2 > .kt-row-column-wrap) > .wp-block-kadence-column{justify-content:start;}.kb-row-layout-id86_c8f240-b2 > .kt-row-column-wrap{column-gap:var(--global-kb-gap-md, 2rem);row-gap:var(--global-kb-gap-md, 2rem);padding-top:0px;padding-right:0px;padding-bottom:0px;padding-left:0px;grid-template-columns:minmax(0, 1fr);}.kb-row-layout-id86_c8f240-b2 > .kt-row-layout-overlay{opacity:0.30;}@media all and (max-width: 1024px){.kb-row-layout-id86_c8f240-b2 > .kt-row-column-wrap{padding-right:var(--global-kb-spacing-4xl, 8rem);padding-left:var(--global-kb-spacing-4xl, 8rem);grid-template-columns:minmax(0, 1fr);}}@media all and (max-width: 767px){.kb-row-layout-id86_c8f240-b2 > .kt-row-column-wrap{padding-right:0px;padding-left:0px;grid-template-columns:minmax(0, 1fr);}}<\/style><div class=\"kb-row-layout-wrap kb-row-layout-id86_c8f240-b2 alignnone wp-block-kadence-rowlayout\"><div class=\"kt-row-column-wrap kt-has-1-columns kt-row-layout-equal kt-tab-layout-inherit kt-mobile-layout-row kt-row-valign-top\">\n<style>.kadence-column86_d424ae-36 > .kt-inside-inner-col,.kadence-column86_d424ae-36 > .kt-inside-inner-col:before{border-top-left-radius:0px;border-top-right-radius:0px;border-bottom-right-radius:0px;border-bottom-left-radius:0px;}.kadence-column86_d424ae-36 > .kt-inside-inner-col{column-gap:var(--global-kb-gap-sm, 1rem);}.kadence-column86_d424ae-36 > .kt-inside-inner-col{flex-direction:column;}.kadence-column86_d424ae-36 > .kt-inside-inner-col > .aligncenter{width:100%;}.kadence-column86_d424ae-36 > .kt-inside-inner-col:before{opacity:0.3;}.kadence-column86_d424ae-36{position:relative;}.kadence-column86_d424ae-36, .kt-inside-inner-col > .kadence-column86_d424ae-36:not(.specificity){margin-right:var(--global-kb-spacing-xs, 1rem);margin-left:var(--global-kb-spacing-xs, 1rem);}@media all and (max-width: 1024px){.kadence-column86_d424ae-36 > .kt-inside-inner-col{flex-direction:column;}}@media all and (max-width: 767px){.kadence-column86_d424ae-36 > .kt-inside-inner-col{flex-direction:column;}}<\/style>\n<div class=\"wp-block-kadence-column kadence-column86_d424ae-36\"><div class=\"kt-inside-inner-col\"><style>.wp-block-kadence-advancedheading.kt-adv-heading86_8a3dac-d8, .wp-block-kadence-advancedheading.kt-adv-heading86_8a3dac-d8[data-kb-block=\"kb-adv-heading86_8a3dac-d8\"]{margin-top:0px;text-align:center;font-size:var(--global-kb-font-size-xl, 3rem);line-height:1.2;font-style:normal;}.wp-block-kadence-advancedheading.kt-adv-heading86_8a3dac-d8 mark.kt-highlight, .wp-block-kadence-advancedheading.kt-adv-heading86_8a3dac-d8[data-kb-block=\"kb-adv-heading86_8a3dac-d8\"] mark.kt-highlight{font-style:normal;color:#f76a0c;-webkit-box-decoration-break:clone;box-decoration-break:clone;padding-top:0px;padding-right:0px;padding-bottom:0px;padding-left:0px;}@media all and (max-width: 1024px){.wp-block-kadence-advancedheading.kt-adv-heading86_8a3dac-d8, .wp-block-kadence-advancedheading.kt-adv-heading86_8a3dac-d8[data-kb-block=\"kb-adv-heading86_8a3dac-d8\"]{text-align:center!important;}}<\/style>\n<h2 class=\"kt-adv-heading86_8a3dac-d8 wp-block-kadence-advancedheading has-theme-palette-3-color has-text-color\" data-kb-block=\"kb-adv-heading86_8a3dac-d8\">Nous contacter<\/h2>\n\n\n\n<p>Vous avez des questions, souhaitez passer commandes ou demander un devis ? <\/p>\n\n\n\n<p>Vous pouvez nous contacter via le formulaire ou par e-mail \u00e0 l&#8217;adresse : contact@grainesdafrique. <\/p>\n\n\n\n<p>Nous nous effor\u00e7ons de r\u00e9pondre \u00e0 toutes les demandes dans les plus brefs d\u00e9lais, g\u00e9n\u00e9ralement en moins de 48 heures.<\/p>\n\n\n\n<p>De plus, pour une assistance encore plus rapide et pratique, vous avez \u00e9galement la possibilit\u00e9 de nous contacter via WhatsApp au num\u00e9ro [votre num\u00e9ro WhatsApp]. <\/p>\n\n\n\n<p>Que ce soit pour des informations sur nos services, des demandes de devis ou toute autre question, n&#8217;h\u00e9sitez pas \u00e0 nous contacter. Nous sommes impatients de vous entendre !<\/p>\n<\/div><\/div>\n\n<\/div><\/div><\/div><\/div>\n\n\n<style>.kadence-column86_e5e3cb-0e > .kt-inside-inner-col,.kadence-column86_e5e3cb-0e > .kt-inside-inner-col:before{border-top-left-radius:0px;border-top-right-radius:0px;border-bottom-right-radius:0px;border-bottom-left-radius:0px;}.kadence-column86_e5e3cb-0e > .kt-inside-inner-col{column-gap:var(--global-kb-gap-sm, 1rem);}.kadence-column86_e5e3cb-0e > .kt-inside-inner-col{flex-direction:column;}.kadence-column86_e5e3cb-0e > .kt-inside-inner-col > .aligncenter{width:100%;}.kadence-column86_e5e3cb-0e > .kt-inside-inner-col:before{opacity:0.3;}.kadence-column86_e5e3cb-0e{position:relative;}@media all and (max-width: 1024px){.kt-row-column-wrap.kt-tab-layout-three-grid > .kadence-column86_e5e3cb-0e, .kt-row-column-wrap.kt-tab-layout-two-grid > .kadence-column86_e5e3cb-0e, .kt-row-column-wrap.kt-tab-layout-row > .kadence-column86_e5e3cb-0e{order:2;}}@media all and (max-width: 1024px){.kadence-column86_e5e3cb-0e > .kt-inside-inner-col{flex-direction:column;}}@media all and (max-width: 767px){.kt-row-column-wrap.kt-mobile-layout-three-grid > .kadence-column86_e5e3cb-0e, .kt-row-column-wrap.kt-mobile-layout-two-grid > .kadence-column86_e5e3cb-0e, .kt-row-column-wrap.kt-mobile-layout-row > .kadence-column86_e5e3cb-0e{order:2;}.kadence-column86_e5e3cb-0e > .kt-inside-inner-col{flex-direction:column;}}<\/style>\n<div class=\"wp-block-kadence-column kadence-column86_e5e3cb-0e inner-column-2\"><div class=\"kt-inside-inner-col\"><style>.kb-row-layout-id86_018f6e-82 > .kt-row-column-wrap{align-content:start;}:where(.kb-row-layout-id86_018f6e-82 > .kt-row-column-wrap) > .wp-block-kadence-column{justify-content:start;}.kb-row-layout-id86_018f6e-82 > .kt-row-column-wrap{column-gap:var(--global-kb-gap-md, 2rem);row-gap:var(--global-kb-gap-md, 2rem);padding-top:0px;padding-right:0px;padding-bottom:0px;padding-left:0px;grid-template-columns:minmax(0, 1fr);}.kb-row-layout-id86_018f6e-82 > .kt-row-layout-overlay{opacity:0.30;}@media all and (max-width: 1024px){.kb-row-layout-id86_018f6e-82 > .kt-row-column-wrap{padding-right:var(--global-kb-spacing-4xl, 8rem);padding-left:var(--global-kb-spacing-4xl, 8rem);grid-template-columns:minmax(0, 1fr);}}@media all and (max-width: 767px){.kb-row-layout-id86_018f6e-82 > .kt-row-column-wrap{padding-right:0px;padding-left:0px;grid-template-columns:minmax(0, 1fr);}}<\/style><div class=\"kb-row-layout-wrap kb-row-layout-id86_018f6e-82 alignnone wp-block-kadence-rowlayout\"><div class=\"kt-row-column-wrap kt-has-1-columns kt-row-layout-equal kt-tab-layout-inherit kt-mobile-layout-row kt-row-valign-top\">\n<style>.kadence-column86_4d839c-4d > .kt-inside-inner-col,.kadence-column86_4d839c-4d > .kt-inside-inner-col:before{border-top-left-radius:0px;border-top-right-radius:0px;border-bottom-right-radius:0px;border-bottom-left-radius:0px;}.kadence-column86_4d839c-4d > .kt-inside-inner-col{column-gap:var(--global-kb-gap-sm, 1rem);}.kadence-column86_4d839c-4d > .kt-inside-inner-col{flex-direction:column;}.kadence-column86_4d839c-4d > .kt-inside-inner-col > .aligncenter{width:100%;}.kadence-column86_4d839c-4d > .kt-inside-inner-col:before{opacity:0.3;}.kadence-column86_4d839c-4d{position:relative;}@media all and (max-width: 1024px){.kadence-column86_4d839c-4d > .kt-inside-inner-col{flex-direction:column;}}@media all and (max-width: 767px){.kadence-column86_4d839c-4d > .kt-inside-inner-col{flex-direction:column;}}<\/style>\n<div class=\"wp-block-kadence-column kadence-column86_4d839c-4d\"><div class=\"kt-inside-inner-col\"><style>.wp-block-kadence-form.kadence-form-86_0246e4-2b.kb-form-wrap{margin-top:var(--global-kb-spacing-lg, 3rem);}.kadence-form-86_0246e4-2b .kb-form .kadence-blocks-form-field .kb-text-style-field, .kadence-form-86_0246e4-2b .kb-form .kadence-blocks-form-field .kb-select-style-field{color:var(--global-palette4, #2D3748);border-radius:30px;background:var(--global-palette9, #ffffff);border-color:var(--global-palette6, #718096);}.kadence-form-86_0246e4-2b .kb-form .kadence-blocks-form-field > label{color:var(--global-palette3, #1A202C);margin-top:0px;margin-right:0px;margin-bottom:0px;margin-left:20px;}.kb-form input.kadence-blocks-field.verify{opacity:0.0;position:absolute;top:0.0;left:0.0;width:0.0;height:0.0;z-index:-1;}<\/style>\n<div class=\"wp-block-kadence-form kadence-form-86_0246e4-2b kb-form-wrap\"><form class=\"kb-form\" action=\"\" method=\"post\"><div class=\"kadence-blocks-form-field kb-field-desk-width-100 kb-input-size-standard\"><label for=\"kb_field_86_0246e4-2b_0\">Nom<\/label><input name=\"kb_field_0\" id=\"kb_field_86_0246e4-2b_0\" data-label=\"Nom\" type=\"text\" placeholder=\"\" value=\"\" data-type=\"text\" class=\"kb-field kb-text-style-field kb-text-field kb-field-0\"\/><\/div><div class=\"kadence-blocks-form-field kb-form-field-1 kb-field-desk-width-100 kb-input-size-standard\"><label for=\"kb_field_86_0246e4-2b_1\">E-mail<span class=\"required\">*<\/span><\/label><input name=\"kb_field_1\" id=\"kb_field_86_0246e4-2b_1\" data-label=\"E-mail\" type=\"email\" placeholder=\"\" value=\"\" data-type=\"email\" class=\"kb-field kb-text-style-field kb-email-field kb-field-1\" data-required=\"yes\"\/><\/div><div class=\"kadence-blocks-form-field kb-form-field-2 kb-field-desk-width-50 kb-field-mobile-width-100 kb-input-size-standard\"><label for=\"kb_field_86_0246e4-2b_2\">T\u00e9l\u00e9phone<\/label><input name=\"kb_field_2\" id=\"kb_field_86_0246e4-2b_2\" data-label=\"T\u00e9l\u00e9phone\" type=\"text\" placeholder=\"\" value=\"\" data-type=\"text\" class=\"kb-field kb-text-style-field kb-text-field kb-field-2\"\/><\/div><div class=\"kadence-blocks-form-field kb-form-field-3 kb-field-desk-width-50 kb-field-mobile-width-100 kb-input-size-standard\"><label for=\"kb_field_86_0246e4-2b_3\">Objet<\/label><input name=\"kb_field_3\" id=\"kb_field_86_0246e4-2b_3\" data-label=\"Objet\" type=\"text\" placeholder=\"\" value=\"\" data-type=\"text\" class=\"kb-field kb-text-style-field kb-text-field kb-field-3\"\/><\/div><div class=\"kadence-blocks-form-field kb-form-field-4 kb-field-desk-width-100 kb-input-size-standard\"><label for=\"kb_field_86_0246e4-2b_4\">Message<span class=\"required\">*<\/span><\/label><textarea name=\"kb_field_4\" id=\"kb_field_86_0246e4-2b_4\" data-label=\"Message\" type=\"textarea\" placeholder=\"\" data-type=\"textarea\" class=\"kb-field kb-text-style-field kb-textarea-field kb-field-4\" rows=\"8\" data-required=\"yes\"><\/textarea><\/div><input type=\"hidden\" name=\"_kb_form_id\" value=\"86_0246e4-2b\"\/><input type=\"hidden\" name=\"_kb_form_post_id\" value=\"86\"\/><input type=\"hidden\" name=\"action\" value=\"kb_process_ajax_submit\"\/><input type=\"hidden\" name=\"recaptcha_response\" class=\"kb_recaptcha_response kb_recaptcha_86_0246e4-2b\"\/><input class=\"kadence-blocks-field verify\" type=\"text\" name=\"_kb_verify_email\" autocomplete=\"new-password\" aria-hidden=\"true\" placeholder=\"Email\" tabindex=\"-1\" data-1p-ignore=\"true\" data-lpignore=\"true\" \/><div class=\"kadence-blocks-form-field kb-submit-field kb-field-desk-width-100\"><button class=\"kb-forms-submit button kb-button-size-standard kb-button-width-full\">Envoyer<\/button><\/div><\/form><\/div>\n<noscript><div class=\"kadence-blocks-form-message kadence-blocks-form-warning\">Please enable JavaScript in your browser to submit the form<\/div><style>.kadence-form-86_0246e4-2b .kadence-blocks-form-field.kb-submit-field { display: none; }<\/style><\/noscript><\/div><\/div>\n\n<\/div><\/div><\/div><\/div>\n\n<\/div><\/div>","protected":false},"excerpt":{"rendered":"<p>Nous contacter Vous avez des questions, souhaitez passer commandes ou demander un devis ? Vous pouvez nous contacter via le formulaire ou par e-mail \u00e0 l&#8217;adresse : contact@grainesdafrique. Nous nous effor\u00e7ons de r\u00e9pondre \u00e0 toutes les demandes dans les plus brefs d\u00e9lais, g\u00e9n\u00e9ralement en moins de 48 heures. De plus, pour une assistance encore plus&#8230;<\/p>\n","protected":false},"author":1,"featured_media":0,"parent":0,"menu_order":0,"comment_status":"closed","ping_status":"closed","template":"","meta":{"_kad_blocks_custom_css":"","_kad_blocks_head_custom_js":"","_kad_blocks_body_custom_js":"","_kad_blocks_footer_custom_js":"","_kadence_starter_templates_imported_post":false,"_kad_post_transparent":"","_kad_post_title":"","_kad_post_layout":"","_kad_post_sidebar_id":"","_kad_post_content_style":"","_kad_post_vertical_padding":"","_kad_post_feature":"","_kad_post_feature_position":"","_kad_post_header":false,"_kad_post_footer":false,"footnotes":""},"taxonomy_info":[],"featured_image_src_large":false,"author_info":{"display_name":"grainesdafrique.com","author_link":"https:\/\/grainesdafrique.com\/index.php\/author\/grainesdafrique-com\/"},"comment_info":0,"_links":{"self":[{"href":"https:\/\/grainesdafrique.com\/index.php\/wp-json\/wp\/v2\/pages\/86"}],"collection":[{"href":"https:\/\/grainesdafrique.com\/index.php\/wp-json\/wp\/v2\/pages"}],"about":[{"href":"https:\/\/grainesdafrique.com\/index.php\/wp-json\/wp\/v2\/types\/page"}],"author":[{"embeddable":true,"href":"https:\/\/grainesdafrique.com\/index.php\/wp-json\/wp\/v2\/users\/1"}],"replies":[{"embeddable":true,"href":"https:\/\/grainesdafrique.com\/index.php\/wp-json\/wp\/v2\/comments?post=86"}],"version-history":[{"count":6,"href":"https:\/\/grainesdafrique.com\/index.php\/wp-json\/wp\/v2\/pages\/86\/revisions"}],"predecessor-version":[{"id":127,"href":"https:\/\/grainesdafrique.com\/index.php\/wp-json\/wp\/v2\/pages\/86\/revisions\/127"}],"wp:attachment":[{"href":"https:\/\/grainesdafrique.com\/index.php\/wp-json\/wp\/v2\/media?parent=86"}],"curies":[{"name":"wp","href":"https:\/\/api.w.org\/{rel}","templated":true}]}}